{"id":101,"date":"2015-05-18T09:36:42","date_gmt":"2015-05-18T09:36:42","guid":{"rendered":"http:\/\/www.ajedrezcanillejas.com\/wordpress\/?page_id=101"},"modified":"2023-10-13T19:07:54","modified_gmt":"2023-10-13T17:07:54","slug":"torneos","status":"publish","type":"page","link":"https:\/\/www.ajedrezcanillejas.com\/wordpress\/index.php\/torneos\/","title":{"rendered":"Torneos"},"content":{"rendered":"<p>Torneos que organizamos:<\/p>\n<ul>\n<li><a href=\"https:\/\/www.ajedrezcanillejas.com\/wordpress\/index.php\/category\/fiestas-de-canillejas\/\">Fiestas de Canillejas<\/a> (Septiembre)<\/li>\n<li><a href=\"https:\/\/www.ajedrezcanillejas.com\/wordpress\/index.php\/category\/torneo-infantil\/\">Torneo Infantil<\/a> (Enero)<\/li>\n<li><a href=\"https:\/\/www.ajedrezcanillejas.com\/wordpress\/index.php\/category\/open-de-canillejas\/\">Open de Canillejas<\/a> (Mayo)<\/li>\n<li><a href=\"https:\/\/www.ajedrezcanillejas.com\/wordpress\/index.php\/category\/torneo-de-la-solidaridad\/\">Torneo de la Solidaridad<\/a> (Diciembre)<\/li>\n<\/ul>\n<p>Torneos en los que participamos:<\/p>\n<ul>\n<li><a href=\"https:\/\/www.ajedrezcanillejas.com\/wordpress\/index.php\/category\/liga-infantil-por-equipos\/\">Liga Infantil por equipos<\/a> (Octubre-Diciembre)<\/li>\n<li><a href=\"https:\/\/www.ajedrezcanillejas.com\/wordpress\/index.php\/category\/liga-madrilena-por-equipos\/\">Liga Madrile\u00f1a por equipos<\/a> (Noviembre-Marzo)<\/li>\n<li><a href=\"https:\/\/www.ajedrezcanillejas.com\/wordpress\/index.php\/category\/juegos-deportivos-municipales\/\">Juegos Deportivos Municipales<\/a> (Febrero)<\/li>\n<li><a href=\"https:\/\/www.ajedrezcanillejas.com\/wordpress\/index.php\/category\/juegos-deportivos-municipales\/\">Campeonatos Infantiles de Madrid<\/a> (Marzo)<\/li>\n<li><a href=\"https:\/\/www.ajedrezcanillejas.com\/wordpress\/index.php\/category\/otros-torneos\/\">Otros torneos<\/a><\/li>\n<\/ul>\n<p style=\"text-align: left;\">En cuanto al Open de Canillejas, este es nuestro Cuadro de Honor:<\/p>\n<div class=\"feature\">\n<table class=\"aligncenter\" border=\"1\" width=\"500\">\n<tbody>\n<tr>\n<td>\n<div align=\"left\">2014 (limitado elo &lt; 2200) : Campe\u00f3n Gabriel Quispe. SubCampe\u00f3n: Jose Manuel Mu\u00f1oz Manzano<\/div>\n<\/td>\n<\/tr>\n<tr>\n<td>\n<div align=\"left\">2013: Campe\u00f3n MI Daniel Barria. SubCampe\u00f3n: MF Sergio Ad\u00e1n<\/div>\n<\/td>\n<\/tr>\n<tr>\n<td>\n<div align=\"left\">2012: Campe\u00f3n Iv\u00e1n Vall\u00e9s. SubCampe\u00f3n: MI Daniel Barria<\/div>\n<\/td>\n<\/tr>\n<tr>\n<td>\n<div align=\"left\">2011: Campe\u00f3n MF Cristian Aranda. SubCampe\u00f3n: Abul Qasem<\/div>\n<\/td>\n<\/tr>\n<tr>\n<td>\n<div align=\"left\">2009: Campe\u00f3n MI Daniel Barria. SubCampe\u00f3n: GM Teske Henrik<\/div>\n<\/td>\n<\/tr>\n<tr>\n<td>\n<div align=\"left\">2008: Campe\u00f3n MI Daniel Barria. SubCampe\u00f3n: MI David Lari\u00f1o<\/div>\n<\/td>\n<\/tr>\n<tr>\n<td>\n<div align=\"left\">2007: Campe\u00f3n MI Santiago Roa. SubCampe\u00f3n: MI Daniel Barria<\/div>\n<\/td>\n<\/tr>\n<tr>\n<td>\n<div align=\"left\">2006: Campe\u00f3n MI Luis Solaesa. SubCampe\u00f3n: Iv\u00e1n Vall\u00e9s<\/div>\n<\/td>\n<\/tr>\n<tr>\n<td>\n<div style=\"text-align: left;\" align=\"left\">2005: Campe\u00f3n Iv\u00e1n Vall\u00e9s. SubCampe\u00f3n: MI Santiago Roa<\/div>\n<\/td>\n<\/tr>\n<\/tbody>\n<\/table>\n<\/div>\n","protected":false},"excerpt":{"rendered":"<p>Torneos que organizamos: Fiestas de Canillejas (Septiembre) Torneo Infantil (Enero) Open de Canillejas (Mayo) Torneo de la Solidaridad (Diciembre) Torneos en los que participamos: Liga Infantil por equipos (Octubre-Diciembre) Liga Madrile\u00f1a por equipos (Noviembre-Marzo) Juegos Deportivos Municipales (Febrero) Campeonatos Infantiles&hellip; <\/p>\n","protected":false},"author":1,"featured_media":0,"parent":0,"menu_order":0,"comment_status":"closed","ping_status":"closed","template":"","meta":{"footnotes":""},"class_list":["post-101","page","type-page","status-publish","hentry"],"_links":{"self":[{"href":"https:\/\/www.ajedrezcanillejas.com\/wordpress\/index.php\/wp-json\/wp\/v2\/pages\/101","targetHints":{"allow":["GET"]}}],"collection":[{"href":"https:\/\/www.ajedrezcanillejas.com\/wordpress\/index.php\/wp-json\/wp\/v2\/pages"}],"about":[{"href":"https:\/\/www.ajedrezcanillejas.com\/wordpress\/index.php\/wp-json\/wp\/v2\/types\/page"}],"author":[{"embeddable":true,"href":"https:\/\/www.ajedrezcanillejas.com\/wordpress\/index.php\/wp-json\/wp\/v2\/users\/1"}],"replies":[{"embeddable":true,"href":"https:\/\/www.ajedrezcanillejas.com\/wordpress\/index.php\/wp-json\/wp\/v2\/comments?post=101"}],"version-history":[{"count":8,"href":"https:\/\/www.ajedrezcanillejas.com\/wordpress\/index.php\/wp-json\/wp\/v2\/pages\/101\/revisions"}],"predecessor-version":[{"id":2312,"href":"https:\/\/www.ajedrezcanillejas.com\/wordpress\/index.php\/wp-json\/wp\/v2\/pages\/101\/revisions\/2312"}],"wp:attachment":[{"href":"https:\/\/www.ajedrezcanillejas.com\/wordpress\/index.php\/wp-json\/wp\/v2\/media?parent=101"}],"curies":[{"name":"wp","href":"https:\/\/api.w.org\/{rel}","templated":true}]}}