{"id":7,"date":"2015-05-17T14:32:58","date_gmt":"2015-05-17T14:32:58","guid":{"rendered":"http:\/\/www.ajedrezcanillejas.com\/wordpress\/?page_id=7"},"modified":"2022-10-10T22:31:58","modified_gmt":"2022-10-10T20:31:58","slug":"bienvenida","status":"publish","type":"page","link":"https:\/\/www.ajedrezcanillejas.com\/wordpress\/","title":{"rendered":"\u00a1Bienvenidos!"},"content":{"rendered":"<p style=\"text-align: justify;\">En nuestra web conocer\u00e1s, entre otras cosas, qui\u00e9nes componen nuestro club, d\u00f3nde encontrarnos y cu\u00e1les son las actividades que realizamos.<\/p>\n<p><a href=\"https:\/\/www.ajedrezcanillejas.com\/wordpress\/wp-content\/uploads\/2015\/05\/Cartel.jpg\"><img loading=\"lazy\" decoding=\"async\" class=\"aligncenter wp-image-6 size-full\" src=\"https:\/\/www.ajedrezcanillejas.com\/wordpress\/wp-content\/uploads\/2015\/05\/Cartel.jpg\" alt=\"Cartel del club\" width=\"2328\" height=\"1426\" srcset=\"https:\/\/www.ajedrezcanillejas.com\/wordpress\/wp-content\/uploads\/2015\/05\/Cartel.jpg 2328w, https:\/\/www.ajedrezcanillejas.com\/wordpress\/wp-content\/uploads\/2015\/05\/Cartel-300x184.jpg 300w, https:\/\/www.ajedrezcanillejas.com\/wordpress\/wp-content\/uploads\/2015\/05\/Cartel-1024x627.jpg 1024w\" sizes=\"auto, (max-width: 2328px) 100vw, 2328px\" \/><\/a><\/p>\n<h3>El Club<\/h3>\n<p style=\"text-align: justify;\">El club \u00abAmistad de Canillejas\u00bb nace en 1998 relacionado con la Asociaci\u00f3n de Vecinos de la que recibi\u00f3 el nombre. Posteriormente en 2002, al desvincularse de dicha asociaci\u00f3n cambi\u00f3 su nombre por el de \u00abLa Blanca de Canillejas\u00bb, nombre que mantiene a d\u00eda de hoy. La principal labor del club es la promoci\u00f3n del ajedrez en el barrio de San Blas (Canillejas, San Blas, Las Rosas, Rejas&#8230;) para lo cual participamos en las Fiestas del barrio celebrando torneos, as\u00ed como simultaneas, etc. Desde su nacimiento el club ha participado en la Liga Madrile\u00f1a de Ajedrez y progresivamente hemos incrementado el n\u00famero de equipos as\u00ed como la categor\u00eda de la Liga Madrile\u00f1a donde competimos.<br \/>Esta temporada 2022\/23, participamos en el <strong>Campeonato de Ajedrez R\u00e1pido por Equipos<\/strong> con tres conjuntos y en la <strong>Liga Madrile\u00f1a de Ajedrez<\/strong> con 4 equipos: uno en 1\u00aa divisi\u00f3n, otro en 2\u00aa divisi\u00f3n y dos m\u00e1s en 3\u00aa divisi\u00f3n.<\/p>\n<p style=\"text-align: justify;\">Desde la <strong>temporada 2005\/06<\/strong> hemos creado una Escuela de Ajedrez para su difusi\u00f3n entre los chavales, con la que ya hemos conseguido unos excelentes resultados (ver nuestro apartado escuela de ajedrez y el de campeonatos de Madrid), entre los cuales destaca que en m\u00faltiples temporadas hemos tenido alg\u00fan representante del club en alguna final infantil (incluyendo dos campeonatos).<\/p>\n<p>Para m\u00e1s informaci\u00f3n, puedes contactar con nosotros en la secci\u00f3n <a href=\"https:\/\/www.ajedrezcanillejas.com\/wordpress\/index.php\/contacto\/\">contacto<\/a>.<\/p>\n<p>Tambi\u00e9n estamos en <a title=\"Facebook\" href=\"https:\/\/es-es.facebook.com\/lablanca.decanillejas\">Facebook.<\/a><\/p>\n\n","protected":false},"excerpt":{"rendered":"<p>En nuestra web conocer\u00e1s, entre otras cosas, qui\u00e9nes componen nuestro club, d\u00f3nde encontrarnos y cu\u00e1les son las actividades que realizamos. El Club El club \u00abAmistad de Canillejas\u00bb nace en 1998 relacionado con la Asociaci\u00f3n de Vecinos de la que recibi\u00f3&hellip; <\/p>\n","protected":false},"author":1,"featured_media":0,"parent":0,"menu_order":0,"comment_status":"closed","ping_status":"closed","template":"","meta":{"footnotes":""},"class_list":["post-7","page","type-page","status-publish","hentry"],"_links":{"self":[{"href":"https:\/\/www.ajedrezcanillejas.com\/wordpress\/index.php\/wp-json\/wp\/v2\/pages\/7","targetHints":{"allow":["GET"]}}],"collection":[{"href":"https:\/\/www.ajedrezcanillejas.com\/wordpress\/index.php\/wp-json\/wp\/v2\/pages"}],"about":[{"href":"https:\/\/www.ajedrezcanillejas.com\/wordpress\/index.php\/wp-json\/wp\/v2\/types\/page"}],"author":[{"embeddable":true,"href":"https:\/\/www.ajedrezcanillejas.com\/wordpress\/index.php\/wp-json\/wp\/v2\/users\/1"}],"replies":[{"embeddable":true,"href":"https:\/\/www.ajedrezcanillejas.com\/wordpress\/index.php\/wp-json\/wp\/v2\/comments?post=7"}],"version-history":[{"count":32,"href":"https:\/\/www.ajedrezcanillejas.com\/wordpress\/index.php\/wp-json\/wp\/v2\/pages\/7\/revisions"}],"predecessor-version":[{"id":2333,"href":"https:\/\/www.ajedrezcanillejas.com\/wordpress\/index.php\/wp-json\/wp\/v2\/pages\/7\/revisions\/2333"}],"wp:attachment":[{"href":"https:\/\/www.ajedrezcanillejas.com\/wordpress\/index.php\/wp-json\/wp\/v2\/media?parent=7"}],"curies":[{"name":"wp","href":"https:\/\/api.w.org\/{rel}","templated":true}]}}